{"id":58,"date":"2024-03-30T22:03:29","date_gmt":"2024-03-30T22:03:29","guid":{"rendered":"https:\/\/basedstudios.eu\/?page_id=58"},"modified":"2026-02-05T10:19:40","modified_gmt":"2026-02-05T09:19:40","slug":"about","status":"publish","type":"page","link":"https:\/\/basedstudios.eu\/?page_id=58","title":{"rendered":"Contact"},"content":{"rendered":"\n<div id=\"people\" class=\"wp-block-group has-global-padding is-layout-constrained wp-block-group-is-layout-constrained\"><div class=\"kb-row-layout-wrap kb-row-layout-id58_a3fff5-8d alignwide wp-block-kadence-rowlayout\"><div class=\"kt-row-column-wrap kt-has-3-columns kt-row-layout-equal kt-tab-layout-inherit kt-mobile-layout-row kt-row-valign-top\">\n\n<div class=\"wp-block-kadence-column kadence-column58_a0c7ba-a2\" data-aos=\"fade-up\" data-aos-offset=\"-200\"><div class=\"kt-inside-inner-col\">\n<div class=\"wp-block-group alignwide is-vertical is-content-justification-left is-layout-flex wp-container-core-group-is-layout-2726bcd8 wp-block-group-is-layout-flex\">\n<figure class=\"wp-block-image size-large is-resized is-style-default wp-duotone-unset-1\"><img loading=\"lazy\" decoding=\"async\" width=\"819\" height=\"1024\" src=\"https:\/\/basedstudios.eu\/wp-content\/uploads\/2025\/06\/SSJ3076-02-1-819x1024.jpg\" alt=\"\" class=\"wp-image-2804\" style=\"object-fit:cover;width:290px;height:auto\" srcset=\"https:\/\/basedstudios.eu\/wp-content\/uploads\/2025\/06\/SSJ3076-02-1-819x1024.jpg 819w, https:\/\/basedstudios.eu\/wp-content\/uploads\/2025\/06\/SSJ3076-02-1-240x300.jpg 240w, https:\/\/basedstudios.eu\/wp-content\/uploads\/2025\/06\/SSJ3076-02-1-768x960.jpg 768w, https:\/\/basedstudios.eu\/wp-content\/uploads\/2025\/06\/SSJ3076-02-1-1229x1536.jpg 1229w, https:\/\/basedstudios.eu\/wp-content\/uploads\/2025\/06\/SSJ3076-02-1.jpg 1536w\" sizes=\"auto, (max-width: 819px) 100vw, 819px\" \/><\/figure>\n\n\n\n<p class=\"has-text-align-left has-contrast-color has-custom-based-yellow-background-color has-text-color has-background has-link-color has-small-font-size wp-elements-2fe77fd02fcd36b0f3b7243532871297 wp-block-paragraph\" style=\"margin-right:0;margin-left:0;padding-top:0;padding-right:var(--wp--preset--spacing--10);padding-bottom:0;padding-left:var(--wp--preset--spacing--10);font-style:normal;font-weight:700\">Adam K. Koch<\/p>\n\n\n\n<div class=\"wp-block-group has-global-padding is-layout-constrained wp-container-core-group-is-layout-90edb088 wp-block-group-is-layout-constrained\">\n<p class=\"has-base-2-color has-text-color has-link-color has-small-font-size wp-elements-b89ec049d138aeca1b445ac8f84594cc wp-block-paragraph\" style=\"font-style:normal;font-weight:200\">Cinematographer \/ CEO<\/p>\n\n\n\n<p class=\"has-base-2-color has-text-color has-link-color has-small-font-size wp-elements-6077769b4a0bc86a797a127a67f0a4df wp-block-paragraph\" style=\"font-style:normal;font-weight:200\"><a href=\"mailto:adam@basedstudios.eu\">adam@basedstudios.eu<\/a><\/p>\n\n\n\n<p class=\"has-base-2-color has-text-color has-link-color has-small-font-size wp-elements-5ce330da496d673f0a2253892ba5b264 wp-block-paragraph\" style=\"font-style:normal;font-weight:200\"><a href=\"tel:+4531234480\">Tel: +45 31 23 44 80<\/a><\/p>\n<\/div>\n<\/div>\n<\/div><\/div>\n\n\n\n<div class=\"wp-block-kadence-column kadence-column58_3bcdf2-db\" data-aos=\"fade-up\"><div class=\"kt-inside-inner-col\">\n<div class=\"wp-block-group alignwide is-vertical is-layout-flex wp-container-core-group-is-layout-bce0c455 wp-block-group-is-layout-flex\">\n<figure class=\"wp-block-image size-large is-resized is-style-default wp-duotone-unset-2\"><img loading=\"lazy\" decoding=\"async\" width=\"819\" height=\"1024\" src=\"https:\/\/basedstudios.eu\/wp-content\/uploads\/2025\/06\/IMG_2984-01-01-1-819x1024.jpg\" alt=\"\" class=\"wp-image-2807\" style=\"object-fit:cover;width:290px;height:auto\" srcset=\"https:\/\/basedstudios.eu\/wp-content\/uploads\/2025\/06\/IMG_2984-01-01-1-819x1024.jpg 819w, https:\/\/basedstudios.eu\/wp-content\/uploads\/2025\/06\/IMG_2984-01-01-1-240x300.jpg 240w, https:\/\/basedstudios.eu\/wp-content\/uploads\/2025\/06\/IMG_2984-01-01-1-768x960.jpg 768w, https:\/\/basedstudios.eu\/wp-content\/uploads\/2025\/06\/IMG_2984-01-01-1-1229x1536.jpg 1229w, https:\/\/basedstudios.eu\/wp-content\/uploads\/2025\/06\/IMG_2984-01-01-1.jpg 1536w\" sizes=\"auto, (max-width: 819px) 100vw, 819px\" \/><\/figure>\n\n\n\n<p class=\"has-text-align-left has-contrast-color has-custom-based-yellow-background-color has-text-color has-background has-link-color has-small-font-size wp-elements-c7b361aa9cd4114eff99448728b8c715 wp-block-paragraph\" style=\"margin-right:0;margin-left:0;padding-top:0;padding-right:var(--wp--preset--spacing--10);padding-bottom:0;padding-left:var(--wp--preset--spacing--10);font-style:normal;font-weight:700\">Berna Baki<\/p>\n\n\n\n<div class=\"wp-block-group has-global-padding is-content-justification-left is-layout-constrained wp-container-core-group-is-layout-2f23a51a wp-block-group-is-layout-constrained\">\n<p class=\"has-base-2-color has-text-color has-link-color has-small-font-size wp-elements-7045c3ca02f7f027c5e7e444ae22eeb6 wp-block-paragraph\" style=\"font-style:normal;font-weight:200\">Marketing Strategist<\/p>\n\n\n\n<p class=\"has-base-2-color has-text-color has-link-color has-small-font-size wp-elements-65a384cb6a67e740968da0dd5ceed168 wp-block-paragraph\" style=\"font-style:normal;font-weight:200\"><a href=\"mailto:hello@basedstudios.eu\">hello@basedstudios.eu<\/a><\/p>\n<\/div>\n<\/div>\n<\/div><\/div>\n\n\n\n<div class=\"wp-block-kadence-column kadence-column58_4ad662-33\" data-aos=\"fade-up\" data-aos-offset=\"-200\"><div class=\"kt-inside-inner-col\">\n<div class=\"wp-block-group alignwide is-vertical is-content-justification-left is-layout-flex wp-container-core-group-is-layout-2726bcd8 wp-block-group-is-layout-flex\">\n<figure class=\"wp-block-image size-large is-resized is-style-default wp-duotone-unset-3\"><img loading=\"lazy\" decoding=\"async\" width=\"819\" height=\"1024\" src=\"https:\/\/basedstudios.eu\/wp-content\/uploads\/2026\/02\/DSCF4833_edited-819x1024.jpg\" alt=\"\" class=\"wp-image-3570\" style=\"object-fit:cover;width:290px;height:auto\" srcset=\"https:\/\/basedstudios.eu\/wp-content\/uploads\/2026\/02\/DSCF4833_edited-819x1024.jpg 819w, https:\/\/basedstudios.eu\/wp-content\/uploads\/2026\/02\/DSCF4833_edited-240x300.jpg 240w, https:\/\/basedstudios.eu\/wp-content\/uploads\/2026\/02\/DSCF4833_edited-768x960.jpg 768w, https:\/\/basedstudios.eu\/wp-content\/uploads\/2026\/02\/DSCF4833_edited-1229x1536.jpg 1229w, https:\/\/basedstudios.eu\/wp-content\/uploads\/2026\/02\/DSCF4833_edited.jpg 1536w\" sizes=\"auto, (max-width: 819px) 100vw, 819px\" \/><\/figure>\n\n\n\n<p class=\"has-text-align-left has-contrast-color has-custom-based-yellow-background-color has-text-color has-background has-link-color has-small-font-size wp-elements-4f9220865adf421a48ac6a5f72f6dcfa wp-block-paragraph\" style=\"margin-right:0;margin-left:0;padding-top:0;padding-right:var(--wp--preset--spacing--10);padding-bottom:0;padding-left:var(--wp--preset--spacing--10);font-style:normal;font-weight:700\">Elin Aje Morken<\/p>\n\n\n\n<div class=\"wp-block-group has-global-padding is-layout-constrained wp-container-core-group-is-layout-90edb088 wp-block-group-is-layout-constrained\">\n<p class=\"has-base-2-color has-text-color has-link-color has-small-font-size wp-elements-d1a50c8cf102a25a9ace579d8dbb1a41 wp-block-paragraph\" style=\"font-style:normal;font-weight:200\">Graphic Designer<\/p>\n\n\n\n<p class=\"has-base-2-color has-text-color has-link-color has-small-font-size wp-elements-8546a7337c7a2a35e1e4481e5b0199b1 wp-block-paragraph\" style=\"font-style:normal;font-weight:200\"><a href=\"mailto:hello@basedstudios.eu\">hello@basedstudios.eu<\/a><\/p>\n<\/div>\n<\/div>\n<\/div><\/div>\n\n\n\n<div class=\"wp-block-kadence-column kadence-column58_373b7a-c6\" data-aos=\"fade-up\" data-aos-offset=\"-200\"><div class=\"kt-inside-inner-col\">\n<div class=\"wp-block-group alignwide is-vertical is-layout-flex wp-container-core-group-is-layout-bce0c455 wp-block-group-is-layout-flex\">\n<figure class=\"wp-block-image size-large is-resized is-style-default\"><img loading=\"lazy\" decoding=\"async\" width=\"819\" height=\"1024\" src=\"https:\/\/basedstudios.eu\/wp-content\/uploads\/2026\/02\/DSCF4333_edited-1-819x1024.jpg\" alt=\"\" class=\"wp-image-3561\" style=\"object-fit:cover;width:290px;height:auto\" srcset=\"https:\/\/basedstudios.eu\/wp-content\/uploads\/2026\/02\/DSCF4333_edited-1-819x1024.jpg 819w, https:\/\/basedstudios.eu\/wp-content\/uploads\/2026\/02\/DSCF4333_edited-1-240x300.jpg 240w, https:\/\/basedstudios.eu\/wp-content\/uploads\/2026\/02\/DSCF4333_edited-1-768x960.jpg 768w, https:\/\/basedstudios.eu\/wp-content\/uploads\/2026\/02\/DSCF4333_edited-1-1229x1536.jpg 1229w, https:\/\/basedstudios.eu\/wp-content\/uploads\/2026\/02\/DSCF4333_edited-1.jpg 1536w\" sizes=\"auto, (max-width: 819px) 100vw, 819px\" \/><\/figure>\n\n\n\n<p class=\"has-text-align-left has-contrast-color has-custom-based-yellow-background-color has-text-color has-background has-link-color has-small-font-size wp-elements-50b9f33eb0718f84dada07b3d97dc8bb wp-block-paragraph\" style=\"margin-right:0;margin-left:0;padding-top:0;padding-right:var(--wp--preset--spacing--10);padding-bottom:0;padding-left:var(--wp--preset--spacing--10);font-style:normal;font-weight:700\">Marcus Green<\/p>\n\n\n\n<div class=\"wp-block-group has-global-padding is-content-justification-left is-layout-constrained wp-container-core-group-is-layout-2f23a51a wp-block-group-is-layout-constrained\">\n<p class=\"has-base-2-color has-text-color has-link-color has-small-font-size wp-elements-c1022d62ccfa16a6dce033c62484606c wp-block-paragraph\" style=\"font-style:normal;font-weight:200\">1st AC \/ Photographer<\/p>\n\n\n\n<p class=\"has-base-2-color has-text-color has-link-color has-small-font-size wp-elements-ebc8d78e9d76be4284119de30f7916e6 wp-block-paragraph\" style=\"font-style:normal;font-weight:200\"><a href=\"mailto:hello@basedstudios.eu\" data-type=\"mailto\" data-id=\"mailto:hello@basedstudios.eu\">hello@basedstudios.eu<\/a><\/p>\n<\/div>\n<\/div>\n<\/div><\/div>\n\n\n\n<div class=\"wp-block-kadence-column kadence-column58_17ec82-f0\" data-aos=\"fade-up\" data-aos-offset=\"-200\"><div class=\"kt-inside-inner-col\">\n<div class=\"wp-block-group alignwide is-vertical is-content-justification-left is-layout-flex wp-container-core-group-is-layout-2726bcd8 wp-block-group-is-layout-flex\">\n<figure class=\"wp-block-image size-large is-resized is-style-default wp-duotone-unset-4\"><img loading=\"lazy\" decoding=\"async\" width=\"819\" height=\"1024\" src=\"https:\/\/basedstudios.eu\/wp-content\/uploads\/2025\/06\/DSC_2551-1-01-1-819x1024.jpg\" alt=\"\" class=\"wp-image-2805\" style=\"object-fit:cover;width:290px;height:auto\" srcset=\"https:\/\/basedstudios.eu\/wp-content\/uploads\/2025\/06\/DSC_2551-1-01-1-819x1024.jpg 819w, https:\/\/basedstudios.eu\/wp-content\/uploads\/2025\/06\/DSC_2551-1-01-1-240x300.jpg 240w, https:\/\/basedstudios.eu\/wp-content\/uploads\/2025\/06\/DSC_2551-1-01-1-768x960.jpg 768w, https:\/\/basedstudios.eu\/wp-content\/uploads\/2025\/06\/DSC_2551-1-01-1-1229x1536.jpg 1229w, https:\/\/basedstudios.eu\/wp-content\/uploads\/2025\/06\/DSC_2551-1-01-1.jpg 1536w\" sizes=\"auto, (max-width: 819px) 100vw, 819px\" \/><\/figure>\n\n\n\n<p class=\"has-text-align-left has-contrast-color has-custom-based-yellow-background-color has-text-color has-background has-link-color has-small-font-size wp-elements-18ffbfe0350118840d5121041607b231 wp-block-paragraph\" style=\"margin-right:0;margin-left:0;padding-top:0;padding-right:var(--wp--preset--spacing--10);padding-bottom:0;padding-left:var(--wp--preset--spacing--10);font-style:normal;font-weight:700\">Migl\u0117 \u010cernevi\u010di\u016bt\u0117<\/p>\n\n\n\n<div class=\"wp-block-group has-global-padding is-layout-constrained wp-container-core-group-is-layout-90edb088 wp-block-group-is-layout-constrained\">\n<p class=\"has-base-2-color has-text-color has-link-color has-small-font-size wp-elements-73dd21d388b17800992ddef42b54c84d wp-block-paragraph\" style=\"font-style:normal;font-weight:200\">Stills Photographer \/ Lighting Assistant<\/p>\n\n\n\n<p class=\"has-base-2-color has-text-color has-link-color has-small-font-size wp-elements-d53b71f92d7eae9540ef4a575e58a81a wp-block-paragraph\" style=\"font-style:normal;font-weight:200\"><a href=\"mailto:hello@basedstudios.eu\" data-type=\"mailto\" data-id=\"mailto:hello@basedstudios.eu\">hello@basedstudios.eu<\/a><\/p>\n<\/div>\n<\/div>\n<\/div><\/div>\n\n<\/div><\/div><\/div>\n","protected":false},"excerpt":{"rendered":"","protected":false},"author":1,"featured_media":0,"parent":0,"menu_order":0,"comment_status":"closed","ping_status":"closed","template":"wp-custom-template-about-parallax-section","meta":{"_crdt_document":"","footnotes":""},"class_list":["post-58","page","type-page","status-publish","hentry"],"_links":{"self":[{"href":"https:\/\/basedstudios.eu\/index.php?rest_route=\/wp\/v2\/pages\/58","targetHints":{"allow":["GET"]}}],"collection":[{"href":"https:\/\/basedstudios.eu\/index.php?rest_route=\/wp\/v2\/pages"}],"about":[{"href":"https:\/\/basedstudios.eu\/index.php?rest_route=\/wp\/v2\/types\/page"}],"author":[{"embeddable":true,"href":"https:\/\/basedstudios.eu\/index.php?rest_route=\/wp\/v2\/users\/1"}],"replies":[{"embeddable":true,"href":"https:\/\/basedstudios.eu\/index.php?rest_route=%2Fwp%2Fv2%2Fcomments&post=58"}],"version-history":[{"count":5,"href":"https:\/\/basedstudios.eu\/index.php?rest_route=\/wp\/v2\/pages\/58\/revisions"}],"predecessor-version":[{"id":3545,"href":"https:\/\/basedstudios.eu\/index.php?rest_route=\/wp\/v2\/pages\/58\/revisions\/3545"}],"wp:attachment":[{"href":"https:\/\/basedstudios.eu\/index.php?rest_route=%2Fwp%2Fv2%2Fmedia&parent=58"}],"curies":[{"name":"wp","href":"https:\/\/api.w.org\/{rel}","templated":true}]}}